{"id":16558,"date":"2020-09-24T14:21:04","date_gmt":"2020-09-24T12:21:04","guid":{"rendered":"https:\/\/www.vocalcom.com\/legals\/"},"modified":"2024-06-25T11:06:14","modified_gmt":"2024-06-25T09:06:14","slug":"legals","status":"publish","type":"page","link":"https:\/\/www.vocalcom.com\/es\/legals\/","title":{"rendered":"Informaci\u00f3n legal"},"content":{"rendered":"<h2><strong>Editor<\/strong><\/h2>\n<p>El presente sitio web (en adelante, \u00abWeb\u00bb) es propiedad de VOCALCOM, sociedad por acciones simplificada francesa, con un capital de 10 605 856,00 \u20ac, inscrita en el Registro de comercio de Par\u00eds con el n\u00famero 401 973 631, cuya sede social se encuentra en el Tour Eqho, 2 Av. Gambetta, 92400 Courbevoie FRANCE.<\/p>\n<p>Tlfno.: +33(0)1 55 37 30 50<\/p>\n<p>N\u00famero de aprobaci\u00f3n para la Formaci\u00f3n: 11 75 54316 75<\/p>\n<p>N\u00famero de IVA intracomunitario FR 27 401 973 631<\/p>\n<h2><strong>Director de la publicaci\u00f3n <\/strong><\/h2>\n<p>D\u00f1a. Isabelle BILLOY, directora de marketing.<\/p>\n<h2><strong>Proveedor de alojamiento<\/strong><\/h2>\n<p>El alojamiento de la Web en Roubaix corre a cargo de la sociedad OVH (SAS con un capital de 10 174 560\u20ac \u2013 RCS Lille M\u00e9tropole 424 761 419 00045 \u2013 C\u00f3digo APE 2620Z- N\u00b0IVA FR 2244761419) con domicilio en el 2 rue Kellermann BP 80157 59053 Roubaix Cedex 1.<\/p>\n<h2><strong>Contenido<\/strong><\/h2>\n<p>Si una informaci\u00f3n parece incorrecta o contiene un error tipogr\u00e1fico, debe indicarlo al webmaster de la Web, escribiendo a la direcci\u00f3n siguiente: webmaster@vocalcom.com.<\/p>\n<p>VOCALCOM se esfuerza por asegurar que la informaci\u00f3n difundida en la Web sea correcta y est\u00e9 actualizada y se reserva el derecho a corregir su contenido en cualquier momento y sin previo aviso.<\/p>\n<p>VOCALCOM no asume ning\u00fan tipo de responsabilidad en relaci\u00f3n con: la interrupci\u00f3n, la suspensi\u00f3n o el mal funcionamiento de la Web, la ocurrencia de <em>bugs<\/em>, cualquier falta de exactitud o de omisi\u00f3n relativa a informaci\u00f3n disponible en la Web.<\/p>\n<p>La Web puede incluir enlaces a otros sitios web o a otras fuentes de internet. Dado que VOCALCOM no puede controlar estos sitios web y estas fuentes externas, VOCALCOM no puede ser considerado responsable de la puesta a disposici\u00f3n de dichos sitios web y fuentes externas y no podr\u00e1 ser considerado responsable en modo alguno en relaci\u00f3n con el contenido, los anuncios, los productos, los servicios o cualquier otro material disponible en o desde dichos sitios web o fuentes externas.<\/p>\n<h2><strong>Propiedad intelectual<\/strong><\/h2>\n<p>El conjunto de esta Web est\u00e1 sujeto a la legislaci\u00f3n sobre los derechos de autor, los derechos de las marcas y, de manera general, sobre la propiedad intelectual, tanto en lo que se refiere a su forma (selecciones, plano, disposici\u00f3n de los elementos, medios de acceso a los datos, base de datos o cualquier otra organizaci\u00f3n de los datos&#8230;), como en lo relativo a cada uno de estos elementos de su contenido (marcas, textos, im\u00e1genes, v\u00eddeo, etc.).<\/p>\n<p>Dichos contenidos, que figuran en las p\u00e1ginas de la Web, son propiedad exclusiva de VOCALCOM y de sus colaboradores, que no conceden ninguna licencia, ni ning\u00fan otro derecho m\u00e1s que el de consultar la Web. Y a modo de excepci\u00f3n, algunos contenidos (textos, im\u00e1genes) son propiedad de sus respectivos autores.<\/p>\n<p>La reproducci\u00f3n de cualquier contenido publicado en la Web se autoriza \u00fanicamente con el fin de informar y para un uso personal y privado.<\/p>\n<p>Toda reproducci\u00f3n, representaci\u00f3n, difusi\u00f3n o redifusi\u00f3n, total o parcial, del contenido de esta Web en cualquier soporte o por cualquier procedimiento que sea (en especial mediante <em>catching<\/em>, <em>framing<\/em> etc.) as\u00ed como cualquier venta, reventa, retransmisi\u00f3n o puesta a disposici\u00f3n de terceros de cualquier manera que sea est\u00e1n prohibidas, salvo acuerdo previo y por escrito de VOCALCOM. El incumplimiento de esta prohibici\u00f3n constituye una falsificaci\u00f3n que puede conllevar la responsabilidad civil y penal de su autor.<\/p>\n<p>Las solicitudes de autorizaci\u00f3n deben dirigirse a la siguiente direcci\u00f3n de correo electr\u00f3nico: webmaster@www.vocalcom.com<\/p>\n<h2><strong>Datos personales<\/strong><\/h2>\n<p>Velamos por la protecci\u00f3n de los datos personales que nos transmite. Le invitamos a que consulte la carta \u00abPol\u00edtica de confidencialidad\u00bb que describe la pol\u00edtica de VOCALCOM en materia de Protecci\u00f3n de datos personales.<\/p>\n","protected":false},"excerpt":{"rendered":"<p>Editor El presente sitio web (en adelante, \u00abWeb\u00bb) es propiedad de VOCALCOM, sociedad por acciones simplificada francesa, con un capital de 10 605 856,00 \u20ac, inscrita en el Registro de comercio de Par\u00eds con el n\u00famero 401 973 631, cuya sede social se encuentra en el Tour Eqho, 2 Av. Gambetta, 92400 Courbevoie FRANCE. Tlfno.: [&hellip;]<\/p>\n","protected":false},"author":1,"featured_media":25353,"parent":0,"menu_order":0,"comment_status":"closed","ping_status":"closed","template":"templates\/cms.php","meta":{"_acf_changed":false,"inline_featured_image":false,"footnotes":""},"class_list":["post-16558","page","type-page","status-publish","has-post-thumbnail","hentry"],"acf":[],"_links":{"self":[{"href":"https:\/\/www.vocalcom.com\/es\/wp-json\/wp\/v2\/pages\/16558","targetHints":{"allow":["GET"]}}],"collection":[{"href":"https:\/\/www.vocalcom.com\/es\/wp-json\/wp\/v2\/pages"}],"about":[{"href":"https:\/\/www.vocalcom.com\/es\/wp-json\/wp\/v2\/types\/page"}],"author":[{"embeddable":true,"href":"https:\/\/www.vocalcom.com\/es\/wp-json\/wp\/v2\/users\/1"}],"replies":[{"embeddable":true,"href":"https:\/\/www.vocalcom.com\/es\/wp-json\/wp\/v2\/comments?post=16558"}],"version-history":[{"count":5,"href":"https:\/\/www.vocalcom.com\/es\/wp-json\/wp\/v2\/pages\/16558\/revisions"}],"predecessor-version":[{"id":37000,"href":"https:\/\/www.vocalcom.com\/es\/wp-json\/wp\/v2\/pages\/16558\/revisions\/37000"}],"wp:featuredmedia":[{"embeddable":true,"href":"https:\/\/www.vocalcom.com\/es\/wp-json\/wp\/v2\/media\/25353"}],"wp:attachment":[{"href":"https:\/\/www.vocalcom.com\/es\/wp-json\/wp\/v2\/media?parent=16558"}],"curies":[{"name":"wp","href":"https:\/\/api.w.org\/{rel}","templated":true}]}}