{"id":936,"date":"2020-09-24T14:21:04","date_gmt":"2020-09-24T12:21:04","guid":{"rendered":"https:\/\/www.vocalcom.com\/?page_id=936"},"modified":"2024-06-25T11:04:06","modified_gmt":"2024-06-25T09:04:06","slug":"mentions-legales","status":"publish","type":"page","link":"https:\/\/www.vocalcom.com\/fr\/mentions-legales\/","title":{"rendered":"Mentions l\u00e9gales"},"content":{"rendered":"<h2><strong>Editeur<\/strong><\/h2>\n<p>Le pr\u00e9sent site internet (ci-apr\u00e8s d\u00e9nomm\u00e9 \u00ab Site \u00bb) est produit par VOCALCOM, Soci\u00e9t\u00e9 par Actions Simplifi\u00e9e au capital de 10 605 856,00 \u20ac immatricul\u00e9e au Registre du Commerce de Paris sous le num\u00e9ro 401 973 631, dont le si\u00e8ge social se situe Tour Eqho, 2 Av. Gambetta, 92400 Courbevoie.<\/p>\n<p>T\u00e9l : +33(0)1 55 37 30 50<\/p>\n<p>N\u00b0 d&rsquo;agr\u00e9ment Formation : 11 75 54316 75<\/p>\n<p>TVA intracommunautaire FR 27 401 973\u00a0631<\/p>\n<p>&nbsp;<\/p>\n<h2><strong>Directeur de la publication\u00a0<\/strong><\/h2>\n<p>Mme Isabelle BILLOY, Directrice marketing<\/p>\n<p>&nbsp;<\/p>\n<h2><strong>H\u00e9bergeur <\/strong><\/h2>\n<p>Le Site est h\u00e9berg\u00e9 \u00e0 Roubaix par la soci\u00e9t\u00e9 OVH (SAS au capital de 10\u00a0174\u00a0560\u20ac &#8211; RCS Lille M\u00e9tropole 424\u00a0761\u00a0419 00045 \u2013 Code APE 2620Z- N\u00b0TVA FR 2244761419) domicili\u00e9e 2 rue Kellermann BP 80157 59053 Roubaix Cedex 1.<\/p>\n<p>&nbsp;<\/p>\n<h2><strong>Contenu<\/strong><\/h2>\n<p>Si une information semble inexacte ou contient une erreur typographique, vous pouvez le signaler au webmaster du Site \u00e0 l\u2019adresse suivante\u00a0: <a href=\"mailto:webmaster@www.vocalcom.com\">webmaster@vocalcom.com<\/a>.<\/p>\n<p>VOCALCOM s\u2019efforce d\u2019assurer l\u2019exactitude et la mise \u00e0 jour des informations diffus\u00e9es sur le Site, dont elle se r\u00e9serve le droit de corriger, \u00e0 tout moment et sans pr\u00e9avis, le contenu.<\/p>\n<p>VOCALCOM d\u00e9cline toute responsabilit\u00e9 :<\/p>\n<ul>\n<li>pour toute interruption, suspension ou dysfonctionnement du Site,<\/li>\n<li>survenance de bogues,<\/li>\n<li>pour toute inexactitude ou omission portant sur des informations disponibles sur le Site.<\/li>\n<\/ul>\n<p>&nbsp;<\/p>\n<p>Le Site est susceptible d\u2019inclure des liens vers d\u2019autres sites web ou d\u2019autres sources Internet. Dans la mesure o\u00f9 VOCALCOM ne peut contr\u00f4ler ces sites et ces sources externes, VOCALCOM ne peut \u00eatre tenu pour responsable de la mise \u00e0 disposition de ces sites et sources externes, et ne peut supporter aucune responsabilit\u00e9 quant au contenu, publicit\u00e9s, produits, services ou tout autre mat\u00e9riel disponible sur ou \u00e0 partir de ces sites ou sources externes.<\/p>\n<p>&nbsp;<\/p>\n<h2><strong>Propri\u00e9t\u00e9 intellectuelle<\/strong><\/h2>\n<p>L\u2019ensemble de ce Site rel\u00e8ve de la l\u00e9gislation sur le droit d\u2019auteur, le droit des marques et, de fa\u00e7on g\u00e9n\u00e9rale, sur la propri\u00e9t\u00e9 intellectuelle, aussi bien en ce qui concerne sa forme (choix, plan, disposition des \u00e9l\u00e9ments, moyens d\u2019acc\u00e8s aux donn\u00e9es, base de donn\u00e9es ou toute organisation des donn\u00e9es\u2026 ), qu\u2019en ce qui concerne chacun des \u00e9l\u00e9ments de son contenu (marques, textes, images, vid\u00e9o, etc\u2026 ).<\/p>\n<p>Ces contenus, figurant sur les pages du Site, sont la propri\u00e9t\u00e9 exclusive de VOCALCOM et de ses contributeurs ceux-ci ne conc\u00e9dant aucune licence, ni aucun autre droit que celui de consulter le Site. Et par exception, certains contenus (textes, images) sont la propri\u00e9t\u00e9 de leurs auteurs respectifs.<\/p>\n<p>&nbsp;<\/p>\n<p>La reproduction de tout contenu publi\u00e9 sur le Site est autoris\u00e9e aux seules fins d\u2019information pour un usage personnel et priv\u00e9.<\/p>\n<p>Toute reproduction, repr\u00e9sentation, diffusion ou rediffusion, en tout ou partie, du contenu de ce Site sur quelque support ou par tout proc\u00e9d\u00e9 que ce soit (notamment par voie de caching, framing etc\u2026) de m\u00eame que toute vente, revente, retransmission ou mise \u00e0 disposition de tiers de quelque mani\u00e8re que ce soit sont interdites, sauf accord pr\u00e9alable et \u00e9crit de VOCALCOM. Le non-respect de cette interdiction constitue une contrefa\u00e7on susceptible d\u2019engager la responsabilit\u00e9 civile et p\u00e9nale de son auteur.<\/p>\n<p>Les demandes d&rsquo;autorisation doivent \u00eatre adress\u00e9es \u00e0 l&rsquo;adresse e-mail suivante : <a href=\"mailto:webmaster@www.vocalcom.com\">webmaster@www.vocalcom.com<\/a><\/p>\n<p>&nbsp;<\/p>\n<h2><strong>Donn\u00e9es personnelles<\/strong><\/h2>\n<p>Nous veillons \u00e0 la protection des donn\u00e9es personnelles que vous nous transmettez. Nous vous invitons \u00e0 consulter la charte \u00ab Politique de confidentialit\u00e9\u00a0\u00bb qui d\u00e9crit la politique de VOCALCOM en mati\u00e8re de protection des donn\u00e9es personnelles.<\/p>\n","protected":false},"excerpt":{"rendered":"<p>Editeur Le pr\u00e9sent site internet (ci-apr\u00e8s d\u00e9nomm\u00e9 \u00ab Site \u00bb) est produit par VOCALCOM, Soci\u00e9t\u00e9 par Actions Simplifi\u00e9e au capital de 10 605 856,00 \u20ac immatricul\u00e9e au Registre du Commerce de Paris sous le num\u00e9ro 401 973 631, dont le si\u00e8ge social se situe Tour Eqho, 2 Av. Gambetta, 92400 Courbevoie. T\u00e9l : +33(0)1 55 [&hellip;]<\/p>\n","protected":false},"author":1,"featured_media":25351,"parent":0,"menu_order":0,"comment_status":"closed","ping_status":"closed","template":"templates\/cms.php","meta":{"_acf_changed":false,"inline_featured_image":false,"footnotes":""},"class_list":["post-936","page","type-page","status-publish","has-post-thumbnail","hentry"],"acf":[],"_links":{"self":[{"href":"https:\/\/www.vocalcom.com\/fr\/wp-json\/wp\/v2\/pages\/936","targetHints":{"allow":["GET"]}}],"collection":[{"href":"https:\/\/www.vocalcom.com\/fr\/wp-json\/wp\/v2\/pages"}],"about":[{"href":"https:\/\/www.vocalcom.com\/fr\/wp-json\/wp\/v2\/types\/page"}],"author":[{"embeddable":true,"href":"https:\/\/www.vocalcom.com\/fr\/wp-json\/wp\/v2\/users\/1"}],"replies":[{"embeddable":true,"href":"https:\/\/www.vocalcom.com\/fr\/wp-json\/wp\/v2\/comments?post=936"}],"version-history":[{"count":5,"href":"https:\/\/www.vocalcom.com\/fr\/wp-json\/wp\/v2\/pages\/936\/revisions"}],"predecessor-version":[{"id":36997,"href":"https:\/\/www.vocalcom.com\/fr\/wp-json\/wp\/v2\/pages\/936\/revisions\/36997"}],"wp:featuredmedia":[{"embeddable":true,"href":"https:\/\/www.vocalcom.com\/fr\/wp-json\/wp\/v2\/media\/25351"}],"wp:attachment":[{"href":"https:\/\/www.vocalcom.com\/fr\/wp-json\/wp\/v2\/media?parent=936"}],"curies":[{"name":"wp","href":"https:\/\/api.w.org\/{rel}","templated":true}]}}