{"id":9932,"date":"2020-08-18T09:34:55","date_gmt":"2020-08-18T07:34:55","guid":{"rendered":"https:\/\/www.vocalcom.com\/?page_id=9932"},"modified":"2023-04-27T17:59:33","modified_gmt":"2023-04-27T15:59:33","slug":"politique-cookies","status":"publish","type":"page","link":"https:\/\/www.vocalcom.com\/fr\/politique-cookies\/","title":{"rendered":"Politique cookies"},"content":{"rendered":"<p>Cette politique pr\u00e9sente des informations relatives aux cookies pr\u00e9sents sur les services accessibles \u00e0 tout internaute via un terminal de connexion depuis l\u2019adresse <a href=\"https:\/\/www.vocalcom.com\">www.vocalcom.com<\/a> (\u00ab\u00a0Site\u00a0\u00bb).<\/p>\n<h1>COOKIES\u00a0: COLLECTE PASSIVE D\u2019INFORMATIONS<\/h1>\n<p>Lors de la navigation sur le Site, des cookies peuvent s\u2019installer automatiquement sur votre terminal (ordinateur, tablette, smartphone, etc.) et des informations relatives \u00e0 votre navigation sont susceptibles d&rsquo;\u00eatre enregistr\u00e9es dans des fichiers \u00ab\u00a0Cookies\u00a0\u00bb install\u00e9s sur votre terminal.<\/p>\n<h2>1. QU\u2019EST-CE QU\u2019UN COOKIE ?<\/h2>\n<p>Un cookie est un petit fichier texte qui est transf\u00e9r\u00e9 sur votre ordinateur, smartphone ou tablette par le biais de votre navigateur Internet. Les cookies sont enregistr\u00e9s sur le disque dur de votre terminal (ordinateur, smartphone ou tablette) lorsque vous visitez notre Site. Les cookies nous permettent de vous reconna\u00eetre lors de vos visites suivantes sur le Site.<\/p>\n<p>Lors de la consultation d\u2019un site internet, les cookies peuvent envoyer des informations au navigateur de l\u2019internaute et permettre \u00e0 ce navigateur de renvoyer des informations au site d\u2019origine (par exemple un identifiant de session ou le choix d\u2019une langue).<\/p>\n<p>Seul l\u2019\u00e9metteur d\u2019un cookie peut lire ou modifier les informations qui y sont contenues.<\/p>\n<h2>2. A QUOI SERVENT LES COOKIES UTILISES SUR CE SITE ?<\/h2>\n<p>Ce site internet utilise diff\u00e9rents types de cookies.<\/p>\n<p>Dans la mesure du possible, ces cookies sont h\u00e9berg\u00e9s sur des serveurs situes dans l\u2019espace Economique Europ\u00e9en (EEE). Toutefois, certains de nos prestataires de service \u00e9tant situ\u00e9s dans des pays en dehors de l\u2019EEE, vos donn\u00e9es personnelles sont trait\u00e9es dans ces pays, lesquels peuvent avoir une r\u00e8glementation diff\u00e9rente sur les donn\u00e9es personnelles de celle de l\u2019Union europ\u00e9enne. Dans un tel cas, nous apportons une attention particuli\u00e8re \u00e0 ce que ce transfert soit effectu\u00e9 en conformit\u00e9 avec la r\u00e9glementation applicable et mettons en place des garanties assurant un niveau de protection de votre vie priv\u00e9e et de vos droits fondamentaux \u00e9quivalent \u00e0 celui offert par l\u2019Union europ\u00e9enne (notamment par l\u2019utilisation des clauses contractuelles types de la Commission europ\u00e9enne).<\/p>\n<p>Notre site est susceptible de contenir des cookies \u00e9mis par des tiers (agence de communication, soci\u00e9t\u00e9 de mesure d&rsquo;audience, etc.) et permettant \u00e0 ces derniers, pendant la dur\u00e9e de validit\u00e9 de ces cookies de recueillir des informations de navigation relatives aux terminaux consultant notre site. L&rsquo;\u00e9mission et l&rsquo;utilisation de cookies par des tiers, sont soumises aux politiques de protection de la vie priv\u00e9e de ces tiers. Nous vous informons de l&rsquo;objet des cookies tiers dont nous avons connaissance et des moyens dont vous disposez pour effectuer des choix \u00e0 l&rsquo;\u00e9gard de ces cookies.<\/p>\n<h3>2.1 Les cookies de strictement n\u00e9cessaires<\/h3>\n<p>L\u2019objectif de ces cookies est de permettre ou faciliter la communication par voie \u00e9lectronique (d\u00e9tection des erreurs de connexion, identification des points de connexion, s\u00e9curit\u00e9 du site internet\u2026) ou de fournir des services de communication en ligne \u00e0 votre demande expresse (pr\u00e9f\u00e9rences d\u2019affichage \u00e0 l\u2019\u00e9cran, m\u00e9morisation des informations renseign\u00e9es dans les formulaires, acc\u00e8s \u00e0 votre compte utilisateur, etc.). Vous ne pouvez pas vous opposer \u00e0 l\u2019utilisation de ces cookies.<\/p>\n<table>\n<tbody>\n<tr>\n<td width=\"201\">\n<p><strong>Sous-groupe de cookies<\/strong><\/p>\n<\/td>\n<td width=\"201\">\n<p><strong>Cookies<\/strong><\/p>\n<\/td>\n<td width=\"201\">\n<p><strong>Cookies utilis\u00e9s<\/strong><\/p>\n<\/td>\n<\/tr>\n<tr>\n<td width=\"201\">\n<p>www.vocalcom.com<\/p>\n<\/td>\n<td width=\"201\">\n<p>_icl_current_language, eupubconsent, OptanonAlertBoxClosed, OptanonConsent, wp-wpml_current_language<\/p>\n<\/td>\n<td width=\"201\">\n<p>Cookies internes<\/p>\n<\/td>\n<\/tr>\n<tr>\n<td width=\"201\">\n<p>vocalcom.com<\/p>\n<\/td>\n<td width=\"201\">\n<p>__cfduid<\/p>\n<\/td>\n<td width=\"201\">\n<p>Cookies internes<\/p>\n<\/td>\n<\/tr>\n<tr>\n<td width=\"201\">\n<p>cloudflareinsights.com<\/p>\n<\/td>\n<td width=\"201\">\n<p>__cfduid<\/p>\n<\/td>\n<td width=\"201\">\n<p>Cookies tiers<\/p>\n<\/td>\n<\/tr>\n<\/tbody>\n<\/table>\n<p>&nbsp;<\/p>\n<h3>2.2 Les cookies de ciblage ou publicitaires<\/h3>\n<p>L\u2019objectif de ces cookies est d\u2019am\u00e9liorer la pertinence des annonces publicitaires et des contenus diffus\u00e9s sur ce site ainsi que sur des supports tiers. Lorsque nous vous envoyons des messages promotionnels ou diffusons de tels messages, notre objectif est de vous envoyer les publicit\u00e9s et offres les plus pertinentes possibles, adapt\u00e9es \u00e0 vos besoins ou r\u00e9ellement susceptibles de vous int\u00e9resser.<\/p>\n<p>Ces cookies peuvent notamment traiter des donn\u00e9es relatives \u00e0 vos pr\u00e9f\u00e9rences personnelles, vos int\u00e9r\u00eats pour nos produits et\/ou services, vos habitudes de consommation, etc. Nous pouvons utiliser des outils de traitement automatis\u00e9s pour traiter vos pr\u00e9f\u00e9rences personnelles et \u00e9valuer certains aspects personnels vous concernant, et en particulier pour analyser ou pr\u00e9dire vos pr\u00e9f\u00e9rences personnelles et besoins. Les donn\u00e9es trait\u00e9es dans ce cadre peuvent provenir de diff\u00e9rentes sources et faire l\u2019objet de recoupements : donn\u00e9es provenant de nos fichiers clients, donn\u00e9es de navigation, donn\u00e9es provenant de tierces parties, donn\u00e9es d\u2019utilisation de votre v\u00e9hicule, etc. Ces traitements peuvent aboutir \u00e0 vous proposer des contenus personnalis\u00e9s en lien avec vos pr\u00e9f\u00e9rences personnelles, comme des offres par e-mail personnalis\u00e9es, des publicit\u00e9s cibl\u00e9es, des contenus web adapt\u00e9s \u00e0 vos pr\u00e9f\u00e9rences, etc. Par exemple, ces traitements peuvent nous amener \u00e0 vous afficher une publicit\u00e9 relative \u00e0 un segment d\u2019automobile que vous \u00eates susceptible de privil\u00e9gier (un SUV plut\u00f4t qu\u2019une citadine, ou inversement). L\u2019utilisation de tels outils est d\u00e9finie comme \u00e9tant du profilage par la r\u00e8glementation applicable.<\/p>\n<p>L\u2019utilisation et le d\u00e9p\u00f4t de ces cookies est conditionn\u00e9 \u00e0 l\u2019obtention de votre consentement.<\/p>\n<table>\n<tbody>\n<tr>\n<td width=\"201\">\n<p><strong>Sous-groupe de cookies<\/strong><\/p>\n<\/td>\n<td width=\"201\">\n<p><strong>Cookies<\/strong><\/p>\n<\/td>\n<td width=\"201\">\n<p><strong>Cookies utilis\u00e9s<\/strong><\/p>\n<\/td>\n<\/tr>\n<tr>\n<td width=\"201\">\n<p>vocalcom.com<\/p>\n<\/td>\n<td width=\"201\">\n<p>_fbp, _mkto_trk<\/p>\n<\/td>\n<td width=\"201\">\n<p>Cookies internes<\/p>\n<\/td>\n<\/tr>\n<tr>\n<td width=\"201\">\n<p>app-lon03.marketo.com<\/p>\n<\/td>\n<td width=\"201\">\n<p>__cf_bm, __cfduid, BIGipServerPOOL-94.236.119.40-442<\/p>\n<\/td>\n<td width=\"201\">\n<p>Cookies tiers<\/p>\n<\/td>\n<\/tr>\n<tr>\n<td width=\"201\">\n<p><a name=\"_Toc69143325\"><\/a><a name=\"_Toc80693777\"><\/a>www.linkedin.com<\/p>\n<\/td>\n<td width=\"201\">\n<p>bscookie<\/p>\n<\/td>\n<td width=\"201\">\n<p>Cookies tiers<\/p>\n<\/td>\n<\/tr>\n<tr>\n<td width=\"201\">\n<p>facebook.com<\/p>\n<\/td>\n<td width=\"201\">\n<p>fr<\/p>\n<\/td>\n<td width=\"201\">\n<p>Cookies tiers<\/p>\n<\/td>\n<\/tr>\n<tr>\n<td width=\"201\">\n<p>youtube.com<\/p>\n<\/td>\n<td width=\"201\">\n<p>CONSENT, VISITOR_INFO1_LIVE, YSC<\/p>\n<\/td>\n<td width=\"201\">\n<p>Cookies tiers<\/p>\n<\/td>\n<\/tr>\n<tr>\n<td width=\"201\">\n<p>ads.linkedin.com<\/p>\n<\/td>\n<td width=\"201\">\n<p>lang<\/p>\n<\/td>\n<td width=\"201\">\n<p>Cookies tiers<\/p>\n<\/td>\n<\/tr>\n<tr>\n<td width=\"201\">\n<p>linkedin.com<\/p>\n<\/td>\n<td width=\"201\">\n<p>bcookie, lang, li_gc, lidc, lissc, UserMatchHistory<\/p>\n<\/td>\n<td width=\"201\">\n<p>Cookies tiers<\/p>\n<\/td>\n<\/tr>\n<\/tbody>\n<\/table>\n<p>&nbsp;<\/p>\n<h3>2.3 Les cookies de performance et de mesure d\u2019audience<\/h3>\n<p>L\u2019objectif de ces cookies est d\u2019analyser la fr\u00e9quentation et l\u2019utilisation qui est faite du site, pour mieux comprendre comment est utilis\u00e9 ce dernier et pouvoir am\u00e9liorer votre exp\u00e9rience de navigation.<\/p>\n<p>Ces cookies peuvent notamment traiter des donn\u00e9es relatives aux pages visit\u00e9es, aux dur\u00e9es pendants lesquelles les pages sont visit\u00e9es, au navigateur que vous utilisez pour visiter ces pages, etc.<\/p>\n<p>L\u2019utilisation et le d\u00e9p\u00f4t de ces cookies est conditionn\u00e9 \u00e0 l\u2019obtention de votre consentement.<\/p>\n<table>\n<tbody>\n<tr>\n<td width=\"201\">\n<p><strong>Sous-groupe de cookies<\/strong><\/p>\n<\/td>\n<td width=\"201\">\n<p><strong>Cookies<\/strong><\/p>\n<\/td>\n<td width=\"201\">\n<p><strong>Cookies utilis\u00e9s<\/strong><\/p>\n<\/td>\n<\/tr>\n<tr>\n<td width=\"201\">\n<p>vocalcom.com<\/p>\n<\/td>\n<td width=\"201\">\n<p>_ga, _ga_JSJJSHJQHB, _ga_L4CKQKHSFQ, _ga_Y47KB7E55R, _ga_ZJ1Z2CT91W, _gat, _gat_UA-nnnnnnn-nn, _gclxxxx, _gid<\/p>\n<\/td>\n<td width=\"201\">\n<p>Cookies internes<\/p>\n<\/td>\n<\/tr>\n<\/tbody>\n<\/table>\n<h3>2.4 Les cookies de fonctionnalit\u00e9<\/h3>\n<p>Ces cookies permettent \u00e0 ce Site de fournir des fonctionnalit\u00e9s et des personnalisations am\u00e9lior\u00e9es. Ils peuvent \u00eatre d\u00e9finis par nous et\/ou par des fournisseurs tiers dont nous avons ajout\u00e9 les services \u00e0 nos pages. Si vous d\u00e9sactivez ces cookies, il est possible que certains ou tous ces services ne fonctionnent pas correctement et que ce Site ne fonctionne pas, pour vous, aussi bien que nous l\u2019avons souhait\u00e9.<\/p>\n<table>\n<tbody>\n<tr>\n<td width=\"201\">\n<p><strong>Sous-groupe de cookies<\/strong><\/p>\n<\/td>\n<td width=\"201\">\n<p><strong>Cookies<\/strong><\/p>\n<\/td>\n<td width=\"201\">\n<p><strong>Cookies utilis\u00e9s<\/strong><\/p>\n<\/td>\n<\/tr>\n<tr>\n<td width=\"201\">\n<p>Cookiepro.com<\/p>\n<\/td>\n<td width=\"201\">\n<p>__cfduid<\/p>\n<\/td>\n<td width=\"201\">\n<p>Cookies tiers<\/p>\n<\/td>\n<\/tr>\n<\/tbody>\n<\/table>\n<p>&nbsp;<\/p>\n<h2>3. COMMENT DESACTIVER ET\/OU SUPPRIMER LES COOKIES VIA VOTRE NAVIGATEUR ?<\/h2>\n<p>Vous disposez de diff\u00e9rents moyens pour g\u00e9rer la mise en \u0153uvre des cookies soumis \u00e0 vos choix.<\/p>\n<p>Vous pouvez \u00e0 tout moment choisir de d\u00e9sactiver la mise en \u0153uvre des cookies soumis \u00e0 vos choix ou de supprimer ceux qui auraient d\u00e9j\u00e0 \u00e9t\u00e9 install\u00e9s sur votre terminal.<\/p>\n<p>Nous vous rappelons que le param\u00e9trage de votre logiciel de navigation est susceptible de modifier vos conditions d&rsquo;acc\u00e8s \u00e0 nos services lorsque l&rsquo;utilisation de certains cookies est n\u00e9cessaire, alors que les param\u00e8tres de votre logiciel de navigation ou du syst\u00e8me d&rsquo;exploitation de votre terminal, emp\u00eachent le d\u00e9p\u00f4t ou la lecture de ces cookies ou traceurs.<\/p>\n<p>En outre, si votre terminal est utilis\u00e9 par plusieurs personnes et lorsqu&rsquo;un m\u00eame terminal dispose de plusieurs logiciels de navigation, nous ne pouvons pas nous assurer de mani\u00e8re certaine que les services et publicit\u00e9s destin\u00e9s \u00e0 votre terminal correspondent bien \u00e0 votre propre utilisation de ce terminal et non \u00e0 celle d&rsquo;un autre utilisateur de ce terminal.<\/p>\n<p>Selon les finalit\u00e9s d&rsquo;utilisation des cookies que Vous souhaitez accepter ou d\u00e9sactiver, Vous pouvez exprimer Votre choix :<\/p>\n<h3>3.1 Configurateur de gestion des cookies<\/h3>\n<p>Les cookies analytiques et de performance, et les cookies publicitaires de tiers peuvent \u00eatre d\u00e9sactiv\u00e9s \u00e0 tout moment, en cliquant sur, au moyen de la plateforme de gestion de cookies que Vocalcom met \u00e0 votre disposition pour faciliter l&rsquo;exercice de vos droits.<\/p>\n<p>Attention, la prise en compte de votre souhait repose sur un cookie. Si vous supprimez tous les cookies enregistr\u00e9s dans votre terminal via votre navigateur comme indiqu\u00e9 ci-avant, nous ou nos prestataires ne saurons pas que vous aviez refus\u00e9 ou retir\u00e9 votre consentement \u00e0 l&rsquo;utilisation de certaines finalit\u00e9s de cookies.<\/p>\n<h3>3.2 Param\u00e9trages du navigateur<\/h3>\n<p>Vous pouvez modifier le param\u00e9trage des cookies dans votre navigateur Internet. Les param\u00e8tres de votre navigateur en mati\u00e8re de cookies se trouvent g\u00e9n\u00e9ralement dans le menu \u00ab\u00a0options\u00a0\u00bb, \u00ab\u00a0outils\u00a0\u00bb ou \u00ab\u00a0pr\u00e9f\u00e9rences\u00a0\u00bb de votre navigateur Internet. Vous pouvez \u00e9galement consulter le menu \u00ab\u00a0aide\u00a0\u00bb de votre navigateur. En fonction des navigateurs, le m\u00e9canisme de d\u00e9sactivation des cookies peut varier.<\/p>\n<p>Voici quelques liens et informations pour de plus amples renseignements sur la fa\u00e7on de g\u00e9rer le param\u00e9trage des cookies :<\/p>\n<ul>\n<li>Explorer: <a href=\"https:\/\/na01.safelinks.protection.outlook.com\/?url=https%3A%2F%2Fsupport.microsoft.com%2Ffr-fr%2Fhelp%2F17442%2Fwindows-internet-explorer-delete-manage-cookies&amp;data=02|01|xlecole%40coca-cola.com|372ef7d7ce17456d443308d5c17a80fb|548d26ab8caa49e197c2a1b1a06cc39c|0|0|636627654260458110&amp;sdata=MnYOmGJigZ6NXZA1VMw8rLqAu%2FGtCCW%2FcxMFGdc%2B7Ms%3D&amp;reserved=0\">https:\/\/support.microsoft.com\/fr-fr\/help\/17442\/windows-internet-explorer-delete-manage-cookies<\/a><\/li>\n<li>Chrome: <a href=\"https:\/\/na01.safelinks.protection.outlook.com\/?url=https%3A%2F%2Fsupport.google.com%2Fchrome%2Fanswer%2F95647%3Fhl%3Dfr&amp;data=02|01|xlecole%40coca-cola.com|372ef7d7ce17456d443308d5c17a80fb|548d26ab8caa49e197c2a1b1a06cc39c|0|0|636627654260458110&amp;sdata=rE1ahutJMaiyoyM7gS1EML8nY4QPW242a3nBwTxfje0%3D&amp;reserved=0\">https:\/\/support.google.com\/chrome\/answer\/95647?hl=fr<\/a><\/li>\n<li>Safari:\u00a0<a href=\"https:\/\/support.apple.com\/kb\/index?page=search&amp;type=organic&amp;src=support_searchbox_main&amp;locale=fr_FR&amp;q=cookie\">https:\/\/support.apcom\/kb\/index?page=search&amp;type=organic&amp;src=support_searchbox_main&amp;locale=fr_FR&amp;q=cookie<\/a><\/li>\n<li>Firefox : <a href=\"https:\/\/na01.safelinks.protection.outlook.com\/?url=https%3A%2F%2Fsupport.mozilla.org%2Ffr%2Fproducts%2Ffirefox%2Fprotect-your-privacy%2Fcookies&amp;data=02|01|xlecole%40coca-cola.com|372ef7d7ce17456d443308d5c17a80fb|548d26ab8caa49e197c2a1b1a06cc39c|0|0|636627654260458110&amp;sdata=hkSfgpyGn7LzyW9iO7yoyp6fYtF%2FVdV7JLLBUXn5s2Y%3D&amp;reserved=0\">https:\/\/support.mozilla.org\/fr\/products\/firefox\/protect-your-privacy\/cookies<\/a><\/li>\n<\/ul>\n<h3>\u00a0<\/h3>\n<h3>3.3 Plateformes d\u2019opposition<\/h3>\n<p>Plusieurs plateformes de professionnels de la publicit\u00e9 vous offrent \u00e9galement la possibilit\u00e9 de refuser ou d\u2019accepter des cookies utilis\u00e9s par les soci\u00e9t\u00e9s qui en sont adh\u00e9rentes. Ces m\u00e9canismes centralis\u00e9s ne bloquent pas l\u2019affichage des publicit\u00e9s mais emp\u00eachent seulement l\u2019installation de cookies permettant d\u2019adapter les publicit\u00e9s \u00e0 vos centres d\u2019int\u00e9r\u00eats.<\/p>\n<p>Vous pouvez par exemple vous rendre sur le site\u00a0<a href=\"http:\/\/www.youronlinechoices.com\/\">www.youronlinechoices.com<\/a>\u00a0afin d\u2019interdire l\u2019installation de ces cookies sur votre terminal.<\/p>\n<p>Vous pourrez ainsi conna\u00eetre les entreprises inscrites \u00e0 cette plate-forme et qui vous offrent la possibilit\u00e9 de refuser ou d&rsquo;accepter les cookies utilis\u00e9s par ces entreprises pour adapter \u00e0 vos informations de navigation les publicit\u00e9s susceptibles d&rsquo;\u00eatre affich\u00e9es sur votre terminal :\u00a0<a href=\"http:\/\/www.youronlinechoices.com\/fr\/controler-ses-cookies\/\">http:\/\/www.youronlinechoices.com\/fr\/controler-ses-cookies\/<\/a>.<\/p>\n<p>Cette plate-forme europ\u00e9enne est partag\u00e9e par des centaines de professionnels de la publicit\u00e9 sur Internet et constitue une interface centralis\u00e9e vous permettant d&rsquo;exprimer votre refus ou votre acceptation des cookies susceptibles d&rsquo;\u00eatre utilis\u00e9s afin d&rsquo;adapter \u00e0 la navigation de votre terminal les publicit\u00e9s susceptibles d&rsquo;y \u00eatre affich\u00e9es.<\/p>\n<h2>4. PLUS D&rsquo;INFORMATIONS SUR LES COOKIES ?<\/h2>\n<p>Sur le site de la CNIL : <a href=\"https:\/\/www.cnil.fr\/fr\/site-web-cookies-et-autres-traceurs\">https:\/\/www.cnil.fr\/fr\/site-web-cookies-et-autres-traceurs<\/a><\/p>\n<p>Sur notre <a href=\"https:\/\/www.vocalcom.com\/fr\/politique-de-confidentialite\/\">Politique de Protection de Donn\u00e9es \u00e0 Caract\u00e8re Personnel<\/a><\/p>\n<h2>5. MISE A JOUR DE LA PRESENTE POLITIQUE<\/h2>\n<p>La pr\u00e9sente politique en mati\u00e8re de cookies peut \u00eatre modifi\u00e9e et corrig\u00e9e. Cette Politique a \u00e9t\u00e9 mise \u00e0 jour pour la derni\u00e8re fois en octobre 2021.<\/p>\n<p><!-- Fin de la liste CookiePro de cookies --><\/p>\n","protected":false},"excerpt":{"rendered":"<p>Cette politique pr\u00e9sente des informations relatives aux cookies pr\u00e9sents sur les services accessibles \u00e0 tout internaute via un terminal de connexion depuis l\u2019adresse www.vocalcom.com (\u00ab\u00a0Site\u00a0\u00bb). COOKIES\u00a0: COLLECTE PASSIVE D\u2019INFORMATIONS Lors de la navigation sur le Site, des cookies peuvent s\u2019installer automatiquement sur votre terminal (ordinateur, tablette, smartphone, etc.) et des informations relatives \u00e0 votre navigation [&hellip;]<\/p>\n","protected":false},"author":16,"featured_media":25351,"parent":0,"menu_order":0,"comment_status":"closed","ping_status":"closed","template":"templates\/cms.php","meta":{"_acf_changed":false,"inline_featured_image":false,"footnotes":""},"class_list":["post-9932","page","type-page","status-publish","has-post-thumbnail","hentry"],"acf":[],"_links":{"self":[{"href":"https:\/\/www.vocalcom.com\/fr\/wp-json\/wp\/v2\/pages\/9932","targetHints":{"allow":["GET"]}}],"collection":[{"href":"https:\/\/www.vocalcom.com\/fr\/wp-json\/wp\/v2\/pages"}],"about":[{"href":"https:\/\/www.vocalcom.com\/fr\/wp-json\/wp\/v2\/types\/page"}],"author":[{"embeddable":true,"href":"https:\/\/www.vocalcom.com\/fr\/wp-json\/wp\/v2\/users\/16"}],"replies":[{"embeddable":true,"href":"https:\/\/www.vocalcom.com\/fr\/wp-json\/wp\/v2\/comments?post=9932"}],"version-history":[{"count":5,"href":"https:\/\/www.vocalcom.com\/fr\/wp-json\/wp\/v2\/pages\/9932\/revisions"}],"predecessor-version":[{"id":34001,"href":"https:\/\/www.vocalcom.com\/fr\/wp-json\/wp\/v2\/pages\/9932\/revisions\/34001"}],"wp:featuredmedia":[{"embeddable":true,"href":"https:\/\/www.vocalcom.com\/fr\/wp-json\/wp\/v2\/media\/25351"}],"wp:attachment":[{"href":"https:\/\/www.vocalcom.com\/fr\/wp-json\/wp\/v2\/media?parent=9932"}],"curies":[{"name":"wp","href":"https:\/\/api.w.org\/{rel}","templated":true}]}}