{"id":11340,"date":"2020-08-31T12:00:46","date_gmt":"2020-08-31T10:00:46","guid":{"rendered":"https:\/\/www.vocalcom.com\/?page_id=11340"},"modified":"2022-11-30T14:29:13","modified_gmt":"2022-11-30T13:29:13","slug":"blog","status":"publish","type":"page","link":"https:\/\/www.vocalcom.com\/pt\/blog\/","title":{"rendered":"Blog &#038; Not\u00edcias"},"content":{"rendered":"<p class=\"p1\">Veja as \u00faltimas novidades e an\u00e1lises para otimizar o desempenho do seu contact center, e entregar uma experi\u00eancia do cliente excepcional.<\/p>\n","protected":false},"excerpt":{"rendered":"<p>Veja as \u00faltimas novidades e an\u00e1lises para otimizar o desempenho do seu contact center, e entregar uma experi\u00eancia do cliente excepcional.<\/p>\n","protected":false},"author":1,"featured_media":25352,"parent":0,"menu_order":0,"comment_status":"closed","ping_status":"closed","template":"templates\/blog.php","meta":{"_acf_changed":false,"inline_featured_image":false,"footnotes":""},"class_list":["post-11340","page","type-page","status-publish","has-post-thumbnail","hentry"],"acf":[],"_links":{"self":[{"href":"https:\/\/www.vocalcom.com\/pt\/wp-json\/wp\/v2\/pages\/11340","targetHints":{"allow":["GET"]}}],"collection":[{"href":"https:\/\/www.vocalcom.com\/pt\/wp-json\/wp\/v2\/pages"}],"about":[{"href":"https:\/\/www.vocalcom.com\/pt\/wp-json\/wp\/v2\/types\/page"}],"author":[{"embeddable":true,"href":"https:\/\/www.vocalcom.com\/pt\/wp-json\/wp\/v2\/users\/1"}],"replies":[{"embeddable":true,"href":"https:\/\/www.vocalcom.com\/pt\/wp-json\/wp\/v2\/comments?post=11340"}],"version-history":[{"count":3,"href":"https:\/\/www.vocalcom.com\/pt\/wp-json\/wp\/v2\/pages\/11340\/revisions"}],"predecessor-version":[{"id":26547,"href":"https:\/\/www.vocalcom.com\/pt\/wp-json\/wp\/v2\/pages\/11340\/revisions\/26547"}],"wp:featuredmedia":[{"embeddable":true,"href":"https:\/\/www.vocalcom.com\/pt\/wp-json\/wp\/v2\/media\/25352"}],"wp:attachment":[{"href":"https:\/\/www.vocalcom.com\/pt\/wp-json\/wp\/v2\/media?parent=11340"}],"curies":[{"name":"wp","href":"https:\/\/api.w.org\/{rel}","templated":true}]}}