{"id":16556,"date":"2020-09-24T14:21:04","date_gmt":"2020-09-24T12:21:04","guid":{"rendered":"https:\/\/www.vocalcom.com\/legals\/"},"modified":"2024-06-25T11:05:41","modified_gmt":"2024-06-25T09:05:41","slug":"termos-condicoes-uso","status":"publish","type":"page","link":"https:\/\/www.vocalcom.com\/pt\/termos-condicoes-uso\/","title":{"rendered":"Termos e Condi\u00e7\u00f5es de Uso"},"content":{"rendered":"<h2><strong>Editor<\/strong><\/h2>\n<p>Este website (doravante simplesmente denominado \u201cWebsite\u201d) \u00e9 produzido pela VOCALCOM, Sociedade por A\u00e7\u00f5es Simplificada registrada no Registro Comercial de Paris sob o n\u00famero 401 973 631, com Capital Social de 10.605.856,00 Euros e Sede Social no endere\u00e7o Tour Eqho, 2 Av. Gambetta, 92400 Courbevoie FRAN\u00c7A.<\/p>\n<p>Tel.: +33(0)1 55 37 30 50<\/p>\n<p>Homologa\u00e7\u00e3o para capacita\u00e7\u00f5es e treinamentos sob o n\u00b0: 11 75 54316 75<\/p>\n<p>TVA intracomunit\u00e1ria FR 27 401 973 631<\/p>\n<h2><strong>Respons\u00e1vel pela Publica\u00e7\u00e3o <\/strong><\/h2>\n<p>Sra. Isabelle BILLOY, Diretora de Marketing<\/p>\n<h2><strong>Empresa de hospedagem<\/strong><\/h2>\n<p>O Website est\u00e1 hospedado em Roubaix pela empresa OVH (SAS com Capital Social de 10.174.560 Euros \u2013 RCS Lille M\u00e9tropole 424 761 419 00045 \u2013 C\u00f3digo APE 2620Z \u2013 NIF FR 2244761419), sediada no endere\u00e7o 2 rue Kellermann BP 80157 59053 Roubaix Cedex 1, Fran\u00e7a.<\/p>\n<h2><strong>Conte\u00fado<\/strong><\/h2>\n<p>Caso alguma informa\u00e7\u00e3o pare\u00e7a inexata ou contenha erro tipogr\u00e1fico, \u00e9 poss\u00edvel indic\u00e1-lo ao webmaster do Website pelo seguinte e-mail: webmaster@vocalcom.com.<\/p>\n<p>A VOCALCOM empreende os seus melhores esfor\u00e7os para assegurar a exatid\u00e3o e atualiza\u00e7\u00e3o das informa\u00e7\u00f5es publicadas no Website, cujo conte\u00fado reserva-se o direito de corrigir a qualquer momento e sem aviso pr\u00e9vio.<\/p>\n<p>A VOCALCOM exime-se de toda e qualquer responsabilidade por quaisquer: interrup\u00e7\u00e3o, suspens\u00e3o ou funcionamento anormal do Website, ocorr\u00eancia de <em>bugs<\/em>, imprecis\u00f5es ou omiss\u00f5es relativas \u00e0s informa\u00e7\u00f5es dispon\u00edveis no Website.<\/p>\n<p>O Website pode conter links para outros websites ou fontes da Internet. Tendo em vista n\u00e3o ser poss\u00edvel o controle de tais websites e fontes externas pela VOCALCOM, ela n\u00e3o poder\u00e1 ser responsabilizada pela disponibilidade destes websites e fontes externas, al\u00e9m de n\u00e3o poder assumir qualquer responsabilidade quanto aos respectivos conte\u00fados, publicidades, produtos, servi\u00e7os ou todo e qualquer outro material neles disponibilizados.<\/p>\n<h2><strong>Propriedade Intelectual<\/strong><\/h2>\n<p>Este Website est\u00e1, em sua \u00edntegra, submetido \u00e0 legisla\u00e7\u00e3o referente a direitos autorais e de marcas, assim como, de modo geral, \u00e0quela sobre propriedade intelectual, tanto no que diz respeito \u00e0 sua forma (escolha, plano, disposi\u00e7\u00e3o dos elementos, meios de acesso aos dados, banco de dados ou qualquer organiza\u00e7\u00e3o de dados, etc.) quanto no que tange cada um dos elementos do respectivo conte\u00fado (marcas, textos, imagens, v\u00eddeo, etc.).<\/p>\n<p>Exibidos nas p\u00e1ginas do Website, tais conte\u00fados s\u00e3o de propriedade exclusiva da VOCALCOM e dos seus controladores, os quais n\u00e3o concedem qualquer licen\u00e7a ou direito distinto daquele de consultar o Website. Excetuando-se determinados conte\u00fados (textos, imagens) de propriedade dos respectivos autores.<\/p>\n<p>A reprodu\u00e7\u00e3o de todo e qualquer conte\u00fado publicado no Website \u00e9 autorizada para fins exclusivos de informa\u00e7\u00e3o em uso pessoal e privado.<\/p>\n<p>Salvo mediante consentimento pr\u00e9vio e escrito por parte da VOCALCOM, \u00e9 proibida qualquer reprodu\u00e7\u00e3o, representa\u00e7\u00e3o, difus\u00e3o ou retransmiss\u00e3o, parcial ou integral, do conte\u00fado deste Website por qualquer meio ou processo (notadamente atrav\u00e9s de <em>caching<\/em>, <em>framing<\/em>, etc.), estando igualmente vedada qualquer venda, revenda, cess\u00e3o ou disponibiliza\u00e7\u00e3o a terceiros, sejam quais forem as formas correlatas. O descumprimento desta interdi\u00e7\u00e3o constitui ato de contrafa\u00e7\u00e3o, pass\u00edvel de provocar responsabiliza\u00e7\u00e3o e puni\u00e7\u00e3o do infrator nas esferas civil e criminal.<\/p>\n<p>As solicita\u00e7\u00f5es de permiss\u00e3o devem ser enviadas ao seguinte e-mail: webmaster@www.vocalcom.com<\/p>\n<h2><strong>Dados Pessoais<\/strong><\/h2>\n<p>N\u00f3s zelamos pela prote\u00e7\u00e3o dos dados pessoais compartilhados pelos usu\u00e1rios do Website. Fazemos o convite \u00e0 consulta da \u201cPol\u00edtica de Privacidade\u201d VOCALCOM para conhecer a nossa pol\u00edtica de prote\u00e7\u00e3o dos dados pessoais.<\/p>\n","protected":false},"excerpt":{"rendered":"<p>Editor Este website (doravante simplesmente denominado \u201cWebsite\u201d) \u00e9 produzido pela VOCALCOM, Sociedade por A\u00e7\u00f5es Simplificada registrada no Registro Comercial de Paris sob o n\u00famero 401 973 631, com Capital Social de 10.605.856,00 Euros e Sede Social no endere\u00e7o Tour Eqho, 2 Av. Gambetta, 92400 Courbevoie FRAN\u00c7A. Tel.: +33(0)1 55 37 30 50 Homologa\u00e7\u00e3o para capacita\u00e7\u00f5es [&hellip;]<\/p>\n","protected":false},"author":1,"featured_media":25352,"parent":0,"menu_order":0,"comment_status":"closed","ping_status":"closed","template":"templates\/cms.php","meta":{"_acf_changed":false,"inline_featured_image":false,"footnotes":""},"class_list":["post-16556","page","type-page","status-publish","has-post-thumbnail","hentry"],"acf":[],"_links":{"self":[{"href":"https:\/\/www.vocalcom.com\/pt\/wp-json\/wp\/v2\/pages\/16556","targetHints":{"allow":["GET"]}}],"collection":[{"href":"https:\/\/www.vocalcom.com\/pt\/wp-json\/wp\/v2\/pages"}],"about":[{"href":"https:\/\/www.vocalcom.com\/pt\/wp-json\/wp\/v2\/types\/page"}],"author":[{"embeddable":true,"href":"https:\/\/www.vocalcom.com\/pt\/wp-json\/wp\/v2\/users\/1"}],"replies":[{"embeddable":true,"href":"https:\/\/www.vocalcom.com\/pt\/wp-json\/wp\/v2\/comments?post=16556"}],"version-history":[{"count":6,"href":"https:\/\/www.vocalcom.com\/pt\/wp-json\/wp\/v2\/pages\/16556\/revisions"}],"predecessor-version":[{"id":36999,"href":"https:\/\/www.vocalcom.com\/pt\/wp-json\/wp\/v2\/pages\/16556\/revisions\/36999"}],"wp:featuredmedia":[{"embeddable":true,"href":"https:\/\/www.vocalcom.com\/pt\/wp-json\/wp\/v2\/media\/25352"}],"wp:attachment":[{"href":"https:\/\/www.vocalcom.com\/pt\/wp-json\/wp\/v2\/media?parent=16556"}],"curies":[{"name":"wp","href":"https:\/\/api.w.org\/{rel}","templated":true}]}}